{"id":776,"date":"2025-11-13T18:39:38","date_gmt":"2025-11-13T17:39:38","guid":{"rendered":"https:\/\/ticket.makutano.cd\/?post_type=product&#038;p=776"},"modified":"2025-11-25T08:58:07","modified_gmt":"2025-11-25T07:58:07","slug":"b","status":"publish","type":"product","link":"https:\/\/ticket.makutano.cd\/en\/e\/b\/","title":{"rendered":"Pass JOUR"},"content":{"rendered":"","protected":false},"excerpt":{"rendered":"<p>Participez \u00e0 une journ\u00e9e de r\u00e9flexion de votre choix, le <strong><u>25 ou 26 novembre<\/u><\/strong> et assistez \u00e0 deux <strong><u>Makutano Talks<\/u><\/strong> de haut niveau.<\/p>\n<p>Ce pass inclut \u00e9galement l\u2019acc\u00e8s au <strong><u>cocktail de cl\u00f4ture du 26 novembre<\/u><\/strong>.<\/p>","protected":false},"author":1,"featured_media":774,"template":"","meta":[],"product_brand":[],"product_cat":[37,23,24,19],"product_tag":[],"class_list":{"0":"post-776","1":"product","2":"type-product","3":"status-publish","4":"has-post-thumbnail","6":"product_cat-internationalbusinessforum","7":"product_cat-lescontratsducongo","8":"product_cat-makutano2025","9":"product_cat-souveraineteeconomique","11":"first","12":"outofstock","13":"downloadable","14":"virtual","15":"purchasable","16":"product-type-simple"},"_links":{"self":[{"href":"https:\/\/ticket.makutano.cd\/en\/wp-json\/wp\/v2\/product\/776","targetHints":{"allow":["GET"]}}],"collection":[{"href":"https:\/\/ticket.makutano.cd\/en\/wp-json\/wp\/v2\/product"}],"about":[{"href":"https:\/\/ticket.makutano.cd\/en\/wp-json\/wp\/v2\/types\/product"}],"author":[{"embeddable":true,"href":"https:\/\/ticket.makutano.cd\/en\/wp-json\/wp\/v2\/users\/1"}],"wp:featuredmedia":[{"embeddable":true,"href":"https:\/\/ticket.makutano.cd\/en\/wp-json\/wp\/v2\/media\/774"}],"wp:attachment":[{"href":"https:\/\/ticket.makutano.cd\/en\/wp-json\/wp\/v2\/media?parent=776"}],"wp:term":[{"taxonomy":"product_brand","embeddable":true,"href":"https:\/\/ticket.makutano.cd\/en\/wp-json\/wp\/v2\/product_brand?post=776"},{"taxonomy":"product_cat","embeddable":true,"href":"https:\/\/ticket.makutano.cd\/en\/wp-json\/wp\/v2\/product_cat?post=776"},{"taxonomy":"product_tag","embeddable":true,"href":"https:\/\/ticket.makutano.cd\/en\/wp-json\/wp\/v2\/product_tag?post=776"}],"curies":[{"name":"wp","href":"https:\/\/api.w.org\/{rel}","templated":true}]}}